{"id":1315,"date":"2022-12-15T07:31:05","date_gmt":"2022-12-15T07:31:05","guid":{"rendered":"http:\/\/www.splekawica.pl\/?page_id=1315"},"modified":"2023-02-19T17:04:16","modified_gmt":"2023-02-19T17:04:16","slug":"kolo-informatyczne","status":"publish","type":"page","link":"https:\/\/www.splekawica.pl\/index.php\/kolo-informatyczne\/","title":{"rendered":"ko\u0142o informatyczne"},"content":{"rendered":"\n<p><\/p>\n\n\n\n<p class=\"has-text-align-center has-medium-font-size\"><strong>Ko\u0142o informatyczne<\/strong><\/p>\n\n\n\n<p>Na zaj\u0119ciach ko\u0142a informatycznego uczniowie maj\u0105 mo\u017cliwo\u015b\u0107 poszerzy\u0107 wiedz\u0119 w zakresie algorytmiki, programowania, tworzenia gier komputerowych, kodowania oraz robotyki. <\/p>\n\n\n\n<p><\/p>\n\n\n\n<p>Uczniowie w trakcie zaj\u0119\u0107 pracuj\u0105 z wykorzystaniem:<\/p>\n\n\n\n<ul class=\"wp-block-list\">\n<li>LEGO WEDO 2<\/li>\n\n\n\n<li>LEGO MINDSTROM<\/li>\n\n\n\n<li>roboty mBot<\/li>\n\n\n\n<li>Scratch<\/li>\n\n\n\n<li>j\u0119zyka programowania C++ lub Python<\/li>\n\n\n\n<li>Drukarki 3D.<\/li>\n<\/ul>\n\n\n\n<figure class=\"wp-block-gallery has-nested-images columns-default is-cropped wp-block-gallery-2 is-layout-flex wp-block-gallery-is-layout-flex\">\n<figure class=\"wp-block-image size-large\"><img loading=\"lazy\" decoding=\"async\" width=\"768\" height=\"432\" data-id=\"2328\" src=\"https:\/\/www.splekawica.pl\/wp-content\/uploads\/2023\/02\/01-4.jpg\" alt=\"\" class=\"wp-image-2328\" srcset=\"https:\/\/www.splekawica.pl\/wp-content\/uploads\/2023\/02\/01-4.jpg 768w, https:\/\/www.splekawica.pl\/wp-content\/uploads\/2023\/02\/01-4-300x169.jpg 300w\" sizes=\"auto, (max-width: 768px) 100vw, 768px\" \/><\/figure>\n\n\n\n<figure class=\"wp-block-image size-large\"><img loading=\"lazy\" decoding=\"async\" width=\"1024\" height=\"577\" data-id=\"2329\" src=\"https:\/\/www.splekawica.pl\/wp-content\/uploads\/2023\/02\/IMG_20230119_150509-1024x577.jpg\" alt=\"\" class=\"wp-image-2329\" srcset=\"https:\/\/www.splekawica.pl\/wp-content\/uploads\/2023\/02\/IMG_20230119_150509-1024x577.jpg 1024w, https:\/\/www.splekawica.pl\/wp-content\/uploads\/2023\/02\/IMG_20230119_150509-300x169.jpg 300w, https:\/\/www.splekawica.pl\/wp-content\/uploads\/2023\/02\/IMG_20230119_150509-768x432.jpg 768w, https:\/\/www.splekawica.pl\/wp-content\/uploads\/2023\/02\/IMG_20230119_150509-1536x865.jpg 1536w, https:\/\/www.splekawica.pl\/wp-content\/uploads\/2023\/02\/IMG_20230119_150509-2048x1153.jpg 2048w\" sizes=\"auto, (max-width: 1024px) 100vw, 1024px\" \/><\/figure>\n\n\n\n<figure class=\"wp-block-image size-large\"><img loading=\"lazy\" decoding=\"async\" width=\"1024\" height=\"577\" data-id=\"2330\" src=\"https:\/\/www.splekawica.pl\/wp-content\/uploads\/2023\/02\/IMG_20230119_150735-1024x577.jpg\" alt=\"\" class=\"wp-image-2330\" srcset=\"https:\/\/www.splekawica.pl\/wp-content\/uploads\/2023\/02\/IMG_20230119_150735-1024x577.jpg 1024w, https:\/\/www.splekawica.pl\/wp-content\/uploads\/2023\/02\/IMG_20230119_150735-300x169.jpg 300w, https:\/\/www.splekawica.pl\/wp-content\/uploads\/2023\/02\/IMG_20230119_150735-768x432.jpg 768w, https:\/\/www.splekawica.pl\/wp-content\/uploads\/2023\/02\/IMG_20230119_150735-1536x865.jpg 1536w, https:\/\/www.splekawica.pl\/wp-content\/uploads\/2023\/02\/IMG_20230119_150735-2048x1153.jpg 2048w\" sizes=\"auto, (max-width: 1024px) 100vw, 1024px\" \/><\/figure>\n<\/figure>\n","protected":false},"excerpt":{"rendered":"<p>Ko\u0142o informatyczne Na zaj\u0119ciach ko\u0142a informatycznego uczniowie maj\u0105 mo\u017cliwo\u015b\u0107 poszerzy\u0107 wiedz\u0119 w zakresie algorytmiki, programowania, tworzenia gier komputerowych, kodowania oraz [&hellip;]<\/p>\n","protected":false},"author":1,"featured_media":0,"parent":0,"menu_order":0,"comment_status":"closed","ping_status":"closed","template":"page-templates\/full-width-container.php","meta":{"_uag_custom_page_level_css":"","footnotes":""},"class_list":["post-1315","page","type-page","status-publish","hentry"],"uagb_featured_image_src":{"full":false,"thumbnail":false,"medium":false,"medium_large":false,"large":false,"1536x1536":false,"2048x2048":false,"bizberg_medium":false,"bizberg_gallery":false,"bizberg_blog_list":false,"bizberg_detail_image":false,"bizberg_detail_image_no_sidebar":false,"bizberg_portfolio_homepage":false,"bizberg_blog_list_no_sidebar_1":false},"uagb_author_info":{"display_name":"admin","author_link":"https:\/\/www.splekawica.pl\/index.php\/author\/admin\/"},"uagb_comment_info":0,"uagb_excerpt":"Ko\u0142o informatyczne Na zaj\u0119ciach ko\u0142a informatycznego uczniowie maj\u0105 mo\u017cliwo\u015b\u0107 poszerzy\u0107 wiedz\u0119 w zakresie algorytmiki, programowania, tworzenia gier komputerowych, kodowania oraz [&hellip;]","_links":{"self":[{"href":"https:\/\/www.splekawica.pl\/index.php\/wp-json\/wp\/v2\/pages\/1315","targetHints":{"allow":["GET"]}}],"collection":[{"href":"https:\/\/www.splekawica.pl\/index.php\/wp-json\/wp\/v2\/pages"}],"about":[{"href":"https:\/\/www.splekawica.pl\/index.php\/wp-json\/wp\/v2\/types\/page"}],"author":[{"embeddable":true,"href":"https:\/\/www.splekawica.pl\/index.php\/wp-json\/wp\/v2\/users\/1"}],"replies":[{"embeddable":true,"href":"https:\/\/www.splekawica.pl\/index.php\/wp-json\/wp\/v2\/comments?post=1315"}],"version-history":[{"count":4,"href":"https:\/\/www.splekawica.pl\/index.php\/wp-json\/wp\/v2\/pages\/1315\/revisions"}],"predecessor-version":[{"id":2333,"href":"https:\/\/www.splekawica.pl\/index.php\/wp-json\/wp\/v2\/pages\/1315\/revisions\/2333"}],"wp:attachment":[{"href":"https:\/\/www.splekawica.pl\/index.php\/wp-json\/wp\/v2\/media?parent=1315"}],"curies":[{"name":"wp","href":"https:\/\/api.w.org\/{rel}","templated":true}]}}