{"id":1323,"date":"2022-12-15T07:35:32","date_gmt":"2022-12-15T07:35:32","guid":{"rendered":"http:\/\/www.splekawica.pl\/?page_id=1323"},"modified":"2025-10-15T07:16:47","modified_gmt":"2025-10-15T07:16:47","slug":"sportowe","status":"publish","type":"page","link":"https:\/\/www.splekawica.pl\/index.php\/sportowe\/","title":{"rendered":"Szkolne Ko\u0142o Sportowe"},"content":{"rendered":"\n<p>Zapraszamy uczni\u00f3w na zaj\u0119cia Szkolnego Ko\u0142a Sportowego, kt\u00f3re odbywaj\u0105 si\u0119 w czwartki.<\/p>\n\n\n\n<p>Klasy 1\u20133 \u2013 zaj\u0119cia odbywaj\u0105 si\u0119 o godzinie 12:40, co dwa tygodnie:<\/p>\n\n\n\n<p>w jeden czwartek \u0107wicz\u0105 dziewczynki, w kolejny czwartek \u2013 ch\u0142opcy.<\/p>\n\n\n\n<p>Klasy 4\u20138 \u2013 zaj\u0119cia odbywaj\u0105 si\u0119 o godzinie 14:30 w ka\u017cdy czwartek.<\/p>\n\n\n\n<p>To \u015bwietna okazja, aby rozwija\u0107 swoje sportowe talenty, wzmacnia\u0107 sprawno\u015b\u0107 i mi\u0142o sp\u0119dza\u0107 czas w ruchu. Serdecznie zapraszamy wszystkich ch\u0119tnych!<\/p>\n\n\n<div class=\"wp-block-image\">\n<figure class=\"aligncenter size-large\"><img loading=\"lazy\" decoding=\"async\" width=\"1024\" height=\"768\" src=\"https:\/\/www.splekawica.pl\/wp-content\/uploads\/2025\/10\/5dc5117c-0acd-45e8-ac6e-70ff568bf092-1024x768.jpeg\" alt=\"\" class=\"wp-image-10288\" srcset=\"https:\/\/www.splekawica.pl\/wp-content\/uploads\/2025\/10\/5dc5117c-0acd-45e8-ac6e-70ff568bf092-1024x768.jpeg 1024w, https:\/\/www.splekawica.pl\/wp-content\/uploads\/2025\/10\/5dc5117c-0acd-45e8-ac6e-70ff568bf092-300x225.jpeg 300w, https:\/\/www.splekawica.pl\/wp-content\/uploads\/2025\/10\/5dc5117c-0acd-45e8-ac6e-70ff568bf092-768x576.jpeg 768w, https:\/\/www.splekawica.pl\/wp-content\/uploads\/2025\/10\/5dc5117c-0acd-45e8-ac6e-70ff568bf092-1536x1152.jpeg 1536w, https:\/\/www.splekawica.pl\/wp-content\/uploads\/2025\/10\/5dc5117c-0acd-45e8-ac6e-70ff568bf092.jpeg 1600w\" sizes=\"auto, (max-width: 1024px) 100vw, 1024px\" \/><\/figure>\n<\/div>","protected":false},"excerpt":{"rendered":"<p>Zapraszamy uczni\u00f3w na zaj\u0119cia Szkolnego Ko\u0142a Sportowego, kt\u00f3re odbywaj\u0105 si\u0119 w czwartki. Klasy 1\u20133 \u2013 zaj\u0119cia odbywaj\u0105 si\u0119 o godzinie [&hellip;]<\/p>\n","protected":false},"author":1,"featured_media":0,"parent":0,"menu_order":0,"comment_status":"closed","ping_status":"closed","template":"page-templates\/full-width-container.php","meta":{"_uag_custom_page_level_css":"","footnotes":""},"class_list":["post-1323","page","type-page","status-publish","hentry"],"uagb_featured_image_src":{"full":false,"thumbnail":false,"medium":false,"medium_large":false,"large":false,"1536x1536":false,"2048x2048":false,"bizberg_medium":false,"bizberg_gallery":false,"bizberg_blog_list":false,"bizberg_detail_image":false,"bizberg_detail_image_no_sidebar":false,"bizberg_portfolio_homepage":false,"bizberg_blog_list_no_sidebar_1":false},"uagb_author_info":{"display_name":"admin","author_link":"https:\/\/www.splekawica.pl\/index.php\/author\/admin\/"},"uagb_comment_info":0,"uagb_excerpt":"Zapraszamy uczni\u00f3w na zaj\u0119cia Szkolnego Ko\u0142a Sportowego, kt\u00f3re odbywaj\u0105 si\u0119 w czwartki. Klasy 1\u20133 \u2013 zaj\u0119cia odbywaj\u0105 si\u0119 o godzinie [&hellip;]","_links":{"self":[{"href":"https:\/\/www.splekawica.pl\/index.php\/wp-json\/wp\/v2\/pages\/1323","targetHints":{"allow":["GET"]}}],"collection":[{"href":"https:\/\/www.splekawica.pl\/index.php\/wp-json\/wp\/v2\/pages"}],"about":[{"href":"https:\/\/www.splekawica.pl\/index.php\/wp-json\/wp\/v2\/types\/page"}],"author":[{"embeddable":true,"href":"https:\/\/www.splekawica.pl\/index.php\/wp-json\/wp\/v2\/users\/1"}],"replies":[{"embeddable":true,"href":"https:\/\/www.splekawica.pl\/index.php\/wp-json\/wp\/v2\/comments?post=1323"}],"version-history":[{"count":5,"href":"https:\/\/www.splekawica.pl\/index.php\/wp-json\/wp\/v2\/pages\/1323\/revisions"}],"predecessor-version":[{"id":10291,"href":"https:\/\/www.splekawica.pl\/index.php\/wp-json\/wp\/v2\/pages\/1323\/revisions\/10291"}],"wp:attachment":[{"href":"https:\/\/www.splekawica.pl\/index.php\/wp-json\/wp\/v2\/media?parent=1323"}],"curies":[{"name":"wp","href":"https:\/\/api.w.org\/{rel}","templated":true}]}}