{"id":994,"date":"2022-12-02T11:59:01","date_gmt":"2022-12-02T11:59:01","guid":{"rendered":"http:\/\/www.splekawica.pl\/?page_id=994"},"modified":"2022-12-15T07:17:34","modified_gmt":"2022-12-15T07:17:34","slug":"regulamin-biblioteki-szkolnej","status":"publish","type":"page","link":"https:\/\/www.splekawica.pl\/index.php\/regulamin-biblioteki-szkolnej\/","title":{"rendered":"Regulamin biblioteki szkolnej"},"content":{"rendered":"\n<p class=\"has-text-align-center\"><strong>REGULAMIN<\/strong><\/p>\n\n\n\n<p class=\"has-text-align-center\"><strong>KORZYSTANIA Z BEZP\u0141ATNYCH PODR\u0118CZNIK\u00d3W<\/strong><br><strong>i MATERIA\u0141\u00d3W EDUKACYJNYCH<\/strong> <strong>UCZNI\u00d3W<br>SZKO\u0141Y PODSTAWOWEJ im. Romana Jab\u0142o\u0144skiego w \u0141\u0118KAWICY<\/strong><\/p>\n\n\n\n<p>&nbsp;&nbsp;<strong>\u00a7<\/strong><strong>1.<\/strong><\/p>\n\n\n\n<p>Regulamin okre\u015bla szczeg\u00f3\u0142owe warunki korzystania przez uczni\u00f3w z bezp\u0142atnych podr\u0119cznik\u00f3w i materia\u0142\u00f3w edukacyjnych.<\/p>\n\n\n\n<p><strong>\u00a72.<\/strong><\/p>\n\n\n\n<ol class=\"wp-block-list\">\n<li>Ilekro\u0107 w regulaminie mowa o:\n<ol class=\"wp-block-list\">\n<li><strong>szkole<\/strong> \u2013 nale\u017cy przez to rozumie\u0107 Szko\u0142\u0119 Podstawow\u0105 im. Romana Jab\u0142o\u0144skiego w \u0141\u0119kawicy,<\/li>\n\n\n\n<li><strong>uczniu <\/strong>\u2013 nale\u017cy przez to rozumie\u0107 ucznia realizuj\u0105cego obowi\u0105zek szkolny \u2013 uj\u0119tego<br>w ksi\u0119dze uczni\u00f3w Szko\u0142y Podstawowej im. Romana Jab\u0142o\u0144skiego w \u0141\u0119kawicy<\/li>\n\n\n\n<li><strong>rodzicu ucznia<\/strong> \u2013 nale\u017cy przez to rozumie\u0107 tak\u017ce opiekuna prawnego,<\/li>\n\n\n\n<li><strong>podr\u0119cznikach<\/strong> \u2013 nale\u017cy przez to rozumie\u0107 podr\u0119czniki dopuszczone do u\u017cytku szkolnego uj\u0119te w szkolnym zestawie podr\u0119cznik\u00f3w,<\/li>\n\n\n\n<li><strong>materia\u0142y edukacyjne<\/strong> &#8211; nale\u017cy przez to rozumie\u0107 materia\u0142 zast\u0119puj\u0105cy lub uzupe\u0142niaj\u0105cy podr\u0119cznik umo\u017cliwiaj\u0105cy realizacj\u0119 programu nauczania, maj\u0105cy posta\u0107 papierow\u0105 lub elektroniczn\u0105,<\/li>\n\n\n\n<li><strong>materia\u0142 \u0107wiczeniowy &#8211; <\/strong>nale\u017cy przez to rozumie\u0107 materia\u0142 przeznaczony dla ucznia s\u0142u\u017c\u0105cy utrwalaniu przez niego wiadomo\u015bci i umiej\u0119tno\u015bci,<\/li>\n\n\n\n<li><strong>organie prowadz\u0105cym<\/strong> \u2013 nale\u017cy przez to rozumie\u0107 Gmin\u0119 Strysz\u00f3w<\/li>\n<\/ol>\n<\/li>\n<\/ol>\n\n\n\n<p>&nbsp;<strong>\u00a7<\/strong><strong>3.<\/strong><\/p>\n\n\n\n<ol class=\"wp-block-list\">\n<li>Podr\u0119czniki i materia\u0142y edukacyjne s\u0105 w\u0142asno\u015bci\u0105 organu prowadz\u0105cego szko\u0142\u0119 i znajduj\u0105 si\u0119<br>w zasobach biblioteki szkolnej.<\/li>\n\n\n\n<li>Podr\u0119czniki i materia\u0142y edukacyjne s\u0105 wypo\u017cyczane (u\u017cyczane) uczniom szko\u0142y na okres danego roku szkolnego.<\/li>\n\n\n\n<li>Do wypo\u017cyczenia nieodp\u0142atnie podr\u0119cznika uprawnieni s\u0105 wszyscy uczniowie szko\u0142y, kt\u00f3rzy rozpocz\u0119li nauk\u0119 w kl. I- VIII w roku szkolnym 2022\/2023.<\/li>\n\n\n\n<li>Wypo\u017cyczenia (u\u017cyczenia) podr\u0119cznik\u00f3w i materia\u0142\u00f3w edukacyjnych dokonuje nauczyciel odpowiedzialny za prowadzenie biblioteki szkolnej na podstawie imiennej listy uczni\u00f3w danej klasy.<\/li>\n\n\n\n<li>Podr\u0119czniki i materia\u0142y edukacyjne na dany rok szkolny s\u0105 wypo\u017cyczane i zwracane w dniu<br>i w godzinach uzgodnionych pomi\u0119dzy nauczycielem odpowiedzialnym za prowadzenie biblioteki szkolnej a wychowawc\u0105 klasy.<\/li>\n\n\n\n<li>Podr\u0119czniki i materia\u0142y edukacyjne s\u0105 wypo\u017cyczane (u\u017cyczane) uczniom na pocz\u0105tku ka\u017cdego roku szkolnego .<\/li>\n\n\n\n<li>Udost\u0119pniane ksi\u0105\u017cki nale\u017cy chroni\u0107 przed zniszczeniem i zgubieniem. Nie wolno po nich pisa\u0107, rysowa\u0107.<\/li>\n\n\n\n<li>Przez ca\u0142y czas u\u017cytkowania podr\u0119cznik\u00f3w ucze\u0144 dba o w\u0142a\u015bciwe i czyste ob\u0142o\u017cenie ksi\u0105\u017cki.<\/li>\n\n\n\n<li>Wypo\u017cyczenie podr\u0119cznika i materia\u0142\u00f3w edukacyjnych mo\u017ce nast\u0105pi\u0107 r\u00f3wnie\u017c w innym terminie, w trakcie danego roku szkolnego.<\/li>\n\n\n\n<li>Materia\u0142y \u0107wiczeniowe nie podlegaj\u0105 zwrotowi.<\/li>\n<\/ol>\n\n\n\n<p>&nbsp;<strong>\u00a7<\/strong><strong>4.<\/strong><\/p>\n\n\n\n<p>Ucze\u0144, kt\u00f3ry w trakcie roku szkolnego, rezygnuj\u0105c z edukacji w szkole podstawowej, zobowi\u0105zany &nbsp;jest &nbsp;odda\u0107&nbsp; otrzymane wcze\u015bniej podr\u0119czniki, materia\u0142y edukacyjne i materia\u0142y \u0107wiczeniowe.<\/p>\n\n\n\n<p>&nbsp;<strong>\u00a7<\/strong><strong>5.<\/strong><\/p>\n\n\n\n<ol class=\"wp-block-list\">\n<li>Podr\u0119czniki wypo\u017cyczane s\u0105 na okres jednego roku szkolnego. Je\u015bli podr\u0119cznik sk\u0142ada si\u0119 z kilku cz\u0119\u015bci uczniowie powinni zwr\u00f3ci\u0107 do biblioteki wykorzystan\u0105 cz\u0119\u015b\u0107.<\/li>\n\n\n\n<li>Uczniowie przyst\u0119puj\u0105cy do egzaminu poprawkowego zwracaj\u0105 podr\u0119czniki i materia\u0142y edukacyjne nie p\u00f3\u017aniej ni\u017c do ko\u0144ca sierpnia danego roku.<\/li>\n\n\n\n<li>Podczas zwrotu podr\u0119cznika do biblioteki bibliotekarz dokonuje ogl\u0119dzin i okre\u015bla stopie\u0144 jego zu\u017cycia. Stan podr\u0119cznika okre\u015bla si\u0119 w skali:\n<ol class=\"wp-block-list\">\n<li>bardzo dobry \u2013 zu\u017cycie minimalne,<\/li>\n\n\n\n<li>dobry \u2013 zu\u017cycie niewielkie,<\/li>\n\n\n\n<li>dostateczny- zu\u017cycie du\u017ce, ale umo\u017cliwiaj\u0105ce korzystanie z podr\u0119cznika,<\/li>\n\n\n\n<li>niedostateczny \u2013 zu\u017cycie uniemo\u017cliwiaj\u0105ce korzystanie z podr\u0119cznika.<\/li>\n<\/ol>\n<\/li>\n\n\n\n<li>Za szkody wynik\u0142e ze zgubienia, uszkodzenia, zniszczenia, niezwr\u00f3cenia w ustalonym terminie, podr\u0119cznika sporz\u0105dza si\u0119 notatk\u0119, a rodzice s\u0105 zobowi\u0105zani do odkupienia nowego podr\u0119cznika.<\/li>\n<\/ol>\n\n\n\n<p>&nbsp;<strong>\u00a7<\/strong><strong>6.<\/strong><\/p>\n\n\n\n<ol class=\"wp-block-list\">\n<li>Uczniowie s\u0105 zobowi\u0105zani do:\n<ol class=\"wp-block-list\">\n<li>u\u017cywania podr\u0119cznika zgodnie z jego przeznaczeniem,<\/li>\n\n\n\n<li>zachowania troski o jego walor u\u017cytkowy i estetyczny,<\/li>\n\n\n\n<li>chronienia go przed zniszczeniem lub zagubieniem.<\/li>\n<\/ol>\n<\/li>\n\n\n\n<li>Zabrania si\u0119 dokonywania w podr\u0119cznikach jakichkolwiek wpis\u00f3w i notatek.<\/li>\n\n\n\n<li>W przypadku zniszczenia lub zagubienia podr\u0119cznika ucze\u0144 lub rodzic jest zobowi\u0105zany poinformowa\u0107 o tym nauczyciela wychowawc\u0119 i nauczyciela odpowiedzialnego za prowadzenie biblioteki szkolnej.<\/li>\n\n\n\n<li>Czytelnicy, kt\u00f3rzy nie przestrzegaj\u0105 powy\u017cszego regulaminu, mog\u0105 zosta\u0107 skre\u015bleni z listy os\u00f3b uprawnionych do korzystania z wypo\u017cyczalni.<\/li>\n<\/ol>\n\n\n\n<p>&nbsp;<strong>\u00a7<\/strong><strong>7.<\/strong><\/p>\n\n\n\n<p>W przypadku braku zwrotu wypo\u017cyczonych podr\u0119cznik\u00f3w SP im. R. Jab\u0142o\u0144skiego w \u0141\u0119kawicy spraw\u0119 skieruje na drog\u0119 post\u0119powania s\u0105dowego.<\/p>\n\n\n\n<p>&nbsp;<strong>\u00a7<\/strong><strong>8<\/strong><\/p>\n\n\n\n<p>Zobowi\u0105zuje si\u0119 nauczycieli wychowawc\u00f3w do zapoznania uczni\u00f3w i ich rodzic\u00f3w z niniejszym regulaminem.<\/p>\n\n\n\n<p>&nbsp;<strong>\u00a7<\/strong><strong>9<\/strong><\/p>\n\n\n\n<p>Regulamin podlega opublikowaniu na stronie internetowej szko\u0142y.<\/p>\n","protected":false},"excerpt":{"rendered":"<p>REGULAMIN KORZYSTANIA Z BEZP\u0141ATNYCH PODR\u0118CZNIK\u00d3Wi MATERIA\u0141\u00d3W EDUKACYJNYCH UCZNI\u00d3WSZKO\u0141Y PODSTAWOWEJ im. Romana Jab\u0142o\u0144skiego w \u0141\u0118KAWICY &nbsp;&nbsp;\u00a71. Regulamin okre\u015bla szczeg\u00f3\u0142owe warunki korzystania [&hellip;]<\/p>\n","protected":false},"author":1,"featured_media":0,"parent":0,"menu_order":0,"comment_status":"closed","ping_status":"closed","template":"page-templates\/full-width-container.php","meta":{"_uag_custom_page_level_css":"","footnotes":""},"class_list":["post-994","page","type-page","status-publish","hentry"],"uagb_featured_image_src":{"full":false,"thumbnail":false,"medium":false,"medium_large":false,"large":false,"1536x1536":false,"2048x2048":false,"bizberg_medium":false,"bizberg_gallery":false,"bizberg_blog_list":false,"bizberg_detail_image":false,"bizberg_detail_image_no_sidebar":false,"bizberg_portfolio_homepage":false,"bizberg_blog_list_no_sidebar_1":false},"uagb_author_info":{"display_name":"admin","author_link":"https:\/\/www.splekawica.pl\/index.php\/author\/admin\/"},"uagb_comment_info":0,"uagb_excerpt":"REGULAMIN KORZYSTANIA Z BEZP\u0141ATNYCH PODR\u0118CZNIK\u00d3Wi MATERIA\u0141\u00d3W EDUKACYJNYCH UCZNI\u00d3WSZKO\u0141Y PODSTAWOWEJ im. Romana Jab\u0142o\u0144skiego w \u0141\u0118KAWICY &nbsp;&nbsp;\u00a71. Regulamin okre\u015bla szczeg\u00f3\u0142owe warunki korzystania [&hellip;]","_links":{"self":[{"href":"https:\/\/www.splekawica.pl\/index.php\/wp-json\/wp\/v2\/pages\/994","targetHints":{"allow":["GET"]}}],"collection":[{"href":"https:\/\/www.splekawica.pl\/index.php\/wp-json\/wp\/v2\/pages"}],"about":[{"href":"https:\/\/www.splekawica.pl\/index.php\/wp-json\/wp\/v2\/types\/page"}],"author":[{"embeddable":true,"href":"https:\/\/www.splekawica.pl\/index.php\/wp-json\/wp\/v2\/users\/1"}],"replies":[{"embeddable":true,"href":"https:\/\/www.splekawica.pl\/index.php\/wp-json\/wp\/v2\/comments?post=994"}],"version-history":[{"count":2,"href":"https:\/\/www.splekawica.pl\/index.php\/wp-json\/wp\/v2\/pages\/994\/revisions"}],"predecessor-version":[{"id":1311,"href":"https:\/\/www.splekawica.pl\/index.php\/wp-json\/wp\/v2\/pages\/994\/revisions\/1311"}],"wp:attachment":[{"href":"https:\/\/www.splekawica.pl\/index.php\/wp-json\/wp\/v2\/media?parent=994"}],"curies":[{"name":"wp","href":"https:\/\/api.w.org\/{rel}","templated":true}]}}